{"id":12,"date":"2018-09-04T16:59:40","date_gmt":"2018-09-04T14:59:40","guid":{"rendered":"http:\/\/gwg-asperg.de\/cms\/?page_id=12"},"modified":"2019-02-24T10:00:56","modified_gmt":"2019-02-24T09:00:56","slug":"verwaltung","status":"publish","type":"page","link":"https:\/\/www.gwg-asperg.de\/cms\/?page_id=12","title":{"rendered":"Verwaltung"},"content":{"rendered":"<div class=\"strich\"><\/div>\n<div align=\"center\">\n<p>&nbsp;<\/p>\n<table border=\"0\" width=\"400\">\n<tbody>\n<tr>\n<td colspan=\"2\" align=\"center\" bgcolor=\"#088A08\" width=\"100%\"><b><span style=\"font-size: large;\"><u>Objektbetreuung<\/u><\/span><\/b><\/td>\n<\/tr>\n<tr>\n<td align=\"right\" valign=\"top\" bgcolor=\"#CCFFCC\" width=\"4%\">&#8211;<\/td>\n<td bgcolor=\"#CCFFCC\" width=\"96%\">regelm\u00e4\u00dfige Hausbegehungen<\/td>\n<\/tr>\n<tr>\n<td align=\"right\" valign=\"top\" bgcolor=\"#CCFFCC\" width=\"4%\">&#8211;<\/td>\n<td bgcolor=\"#CCFFCC\" width=\"96%\">Verwaltungssprechstunden<\/td>\n<\/tr>\n<tr>\n<td align=\"right\" valign=\"top\" bgcolor=\"#CCFFCC\" width=\"4%\">&#8211;<\/td>\n<td bgcolor=\"#CCFFCC\" width=\"96%\">M\u00e4ngelbeseitigungskenntnisse<\/td>\n<\/tr>\n<tr>\n<td align=\"right\" valign=\"top\" bgcolor=\"#CCFFFCC\" width=\"4%\">&#8211;<\/td>\n<td bgcolor=\"#CCFFFCC\" width=\"96%\">Finanzverwaltung<\/td>\n<\/tr>\n<tr>\n<td align=\"right\" valign=\"top\" bgcolor=\"#CCFFCC\" width=\"4%\">&#8211;<\/td>\n<td bgcolor=\"#CCFFCC\" width=\"96%\">Modernisierungsma\u00dfnahmen<\/td>\n<\/tr>\n<tr>\n<td align=\"right\" valign=\"top\" bgcolor=\"#CCFFCC\" width=\"4%\">&#8211;<\/td>\n<td bgcolor=\"#CCFFCC\" width=\"96%\">kundenfreundlich<\/td>\n<\/tr>\n<\/tbody>\n<\/table>\n<p>&nbsp;<\/p>\n<table border=\"0\" width=\"400\">\n<tbody>\n<tr>\n<td colspan=\"2\" align=\"center\" bgcolor=\"#088A08\" width=\"100%\"><b><u><span style=\"font-size: large;\">Abrechnungserstellung<\/span><\/u><\/b><\/td>\n<\/tr>\n<tr>\n<td align=\"right\" valign=\"top\" width=\"4%\"><\/td>\n<td align=\"left\" width=\"96%\"><\/td>\n<\/tr>\n<tr>\n<td align=\"right\" valign=\"top\" bgcolor=\"#CCFFCC\" width=\"4%\">&#8211;<\/td>\n<td align=\"left\" bgcolor=\"#CCFFCC\" width=\"96%\">eigenes, bew\u00e4hrtes Computerprogramm<\/td>\n<\/tr>\n<tr>\n<td align=\"right\" valign=\"top\" bgcolor=\"#CCFFCC\" width=\"4%\">&#8211;<\/td>\n<td align=\"left\" bgcolor=\"#CCFFCC\" width=\"96%\">individuelle Darstellung<\/td>\n<\/tr>\n<tr>\n<td align=\"right\" valign=\"top\" bgcolor=\"#CCFFCC\" width=\"4%\">&#8211;<\/td>\n<td align=\"left\" bgcolor=\"#CCFFCC\" width=\"96%\">zeitnahe Abrechnungen<\/td>\n<\/tr>\n<tr>\n<td align=\"right\" valign=\"top\" bgcolor=\"#CCFFCC\" width=\"4%\">&#8211;<\/td>\n<td align=\"left\" bgcolor=\"#CCFFCC\" width=\"96%\">transparent, \u00fcbersichtlich und verst\u00e4ndlich<\/td>\n<\/tr>\n<\/tbody>\n<\/table>\n<p>&nbsp;<\/p>\n<table border=\"0\" width=\"400\">\n<tbody>\n<tr>\n<td colspan=\"2\" align=\"center\" bgcolor=\"#088A08\" width=\"100%\"><b><u><span style=\"font-size: large;\">Notdienst<\/span><\/u><\/b><\/td>\n<\/tr>\n<tr>\n<td align=\"right\" valign=\"top\" width=\"3%\"><\/td>\n<td width=\"97%\"><\/td>\n<\/tr>\n<tr>\n<td align=\"right\" valign=\"top\" bgcolor=\"#CCFFCC\" width=\"3%\">&#8211;<\/td>\n<td bgcolor=\"#CCFFCC\" width=\"97%\">rund um die Uhr<\/td>\n<\/tr>\n<tr>\n<td align=\"right\" valign=\"top\" bgcolor=\"#CCFFCC\" width=\"3%\">&#8211;<\/td>\n<td bgcolor=\"#CCFFCC\" width=\"97%\">sachkundige Mitarbeiter<\/td>\n<\/tr>\n<tr>\n<td align=\"right\" valign=\"top\" bgcolor=\"#CCFFCC\" width=\"3%\">&#8211;<\/td>\n<td bgcolor=\"#CCFFCC\" width=\"97%\">eingerichtete Sondertelefonnummer<\/td>\n<\/tr>\n<tr>\n<td align=\"right\" valign=\"top\" bgcolor=\"#CCFFCC\" width=\"3%\">&#8211;<\/td>\n<td bgcolor=\"#CCFFCC\" width=\"97%\">kurzfristige Eilentscheidungen z.B. bei Blitzschlag,<br \/>\nHeizungsausfall, Wassersch\u00e4den etc&#8230;<\/td>\n<\/tr>\n<\/tbody>\n<\/table>\n<\/div>\n","protected":false},"excerpt":{"rendered":"<p class=\"entry-excerpt\">&nbsp; Objektbetreuung &#8211; regelm\u00e4\u00dfige Hausbegehungen &#8211; Verwaltungssprechstunden &#8211; M\u00e4ngelbeseitigungskenntnisse &#8211; Finanzverwaltung &#8211; Modernisierungsma\u00dfnahmen &#8211; kundenfreundlich &nbsp; Abrechnungserstellung &#8211; eigenes, bew\u00e4hrtes Computerprogramm &#8211; individuelle Darstellung &#8211; zeitnahe Abrechnungen &#8211; transparent, \u00fcbersichtlich und verst\u00e4ndlich &nbsp; Notdienst &#8211;&#8230; <a class=\"read-more\" href=\"https:\/\/www.gwg-asperg.de\/cms\/?page_id=12\">Read more <span class=\"screen-reader-text\">Verwaltung<\/span><\/a><\/p>\n","protected":false},"author":1,"featured_media":0,"parent":0,"menu_order":12,"comment_status":"closed","ping_status":"closed","template":"","meta":[],"_links":{"self":[{"href":"https:\/\/www.gwg-asperg.de\/cms\/index.php?rest_route=\/wp\/v2\/pages\/12"}],"collection":[{"href":"https:\/\/www.gwg-asperg.de\/cms\/index.php?rest_route=\/wp\/v2\/pages"}],"about":[{"href":"https:\/\/www.gwg-asperg.de\/cms\/index.php?rest_route=\/wp\/v2\/types\/page"}],"author":[{"embeddable":true,"href":"https:\/\/www.gwg-asperg.de\/cms\/index.php?rest_route=\/wp\/v2\/users\/1"}],"replies":[{"embeddable":true,"href":"https:\/\/www.gwg-asperg.de\/cms\/index.php?rest_route=%2Fwp%2Fv2%2Fcomments&post=12"}],"version-history":[{"count":4,"href":"https:\/\/www.gwg-asperg.de\/cms\/index.php?rest_route=\/wp\/v2\/pages\/12\/revisions"}],"predecessor-version":[{"id":93,"href":"https:\/\/www.gwg-asperg.de\/cms\/index.php?rest_route=\/wp\/v2\/pages\/12\/revisions\/93"}],"wp:attachment":[{"href":"https:\/\/www.gwg-asperg.de\/cms\/index.php?rest_route=%2Fwp%2Fv2%2Fmedia&parent=12"}],"curies":[{"name":"wp","href":"https:\/\/api.w.org\/{rel}","templated":true}]}}