{"id":2,"date":"2018-09-04T16:41:13","date_gmt":"2018-09-04T14:41:13","guid":{"rendered":"http:\/\/gwg-asperg.de\/cms\/?page_id=2"},"modified":"2019-07-03T11:44:05","modified_gmt":"2019-07-03T09:44:05","slug":"beispiel-seite","status":"publish","type":"page","link":"https:\/\/www.gwg-asperg.de\/cms\/","title":{"rendered":"Startseite"},"content":{"rendered":"<p><b>Herzlich Willkommen auf unseren Internet-Seiten.<\/b><\/p>\n<p>Wir freuen uns sehr \u00fcber Ihr Interesse n\u00e4heres \u00fcber uns zu erfahren. Wir sind als Fachverwaltungsgesellschaft seit \u00fcber 40 Jahren ausschlie\u00dflich mit der Verwaltung von Wohn- und Teileigentum besch\u00e4ftigt. Unsere Verg\u00fctung f\u00fcr die Verwaltung von Wohnungseigentum\/Teileigentum ist markt\u00fcblich mit der Besonderheit, dass s\u00e4mtliche nach dem Wohnungseigentumsgesetz zu \u00fcbernehmenden Leistungen sowie einige sehr wichtige eigent\u00fcmerorientierte Zusatzleistungen ohne jegliche Mehrkosten mit enthalten sind.<\/p>\n<p>F\u00fcr weitergehende Informationen stehen Ihnen gerne pers\u00f6nlich oder telefonisch unsere gesch\u00e4ftsf\u00fchrenden Gesellschafter zur Verf\u00fcgung.<\/p>\n<table>\n<tbody>\n<tr>\n<td width=\"200\">&#8211;&nbsp;Walter&nbsp;Lausterer &#8211;<br \/>\nTel.&nbsp;07141\/26&nbsp;55-0<\/td>\n<td>&nbsp;<\/td>\n<td>&#8211;&nbsp;Frank&nbsp;Lausterer &#8211;<br \/>\nTel.&nbsp;07141\/26&nbsp;55-0<\/td>\n<\/tr>\n<\/tbody>\n<\/table>\n<p>Da wir aus organisatorischen und personellen Gr\u00fcnden nicht weiter stark expandieren wollen, stellen wir unseren gewohnt zuverl\u00e4ssig und fachlich einwandfreien Verwaltungsservice den von uns aktuell verwalteten Eigent\u00fcmergemeinschaften in vollem Umfange zur Verf\u00fcgung.<\/p>\n<p>Neuobjekte k\u00f6nnen daher nur begrenzt auf bereits vorhandene Verwaltungsstandorte einer \u00dcbernahmepr\u00fcfung unterzogen werden. Ihre Fachverwaltung f\u00fcr Wohn- und Teileigentum:<\/p>\n<p><b>GWG Grundbesitz- und<br \/>\nWohnungsverwaltungs GmbH<\/b><\/p>\n","protected":false},"excerpt":{"rendered":"<p class=\"entry-excerpt\">Herzlich Willkommen auf unseren Internet-Seiten. Wir freuen uns sehr \u00fcber Ihr Interesse n\u00e4heres \u00fcber uns zu erfahren. Wir sind als Fachverwaltungsgesellschaft seit \u00fcber 40 Jahren ausschlie\u00dflich mit der Verwaltung von Wohn- und Teileigentum besch\u00e4ftigt. Unsere&#8230; <a class=\"read-more\" href=\"https:\/\/www.gwg-asperg.de\/cms\/\">Read more <span class=\"screen-reader-text\">Startseite<\/span><\/a><\/p>\n","protected":false},"author":1,"featured_media":0,"parent":0,"menu_order":0,"comment_status":"closed","ping_status":"open","template":"","meta":[],"_links":{"self":[{"href":"https:\/\/www.gwg-asperg.de\/cms\/index.php?rest_route=\/wp\/v2\/pages\/2"}],"collection":[{"href":"https:\/\/www.gwg-asperg.de\/cms\/index.php?rest_route=\/wp\/v2\/pages"}],"about":[{"href":"https:\/\/www.gwg-asperg.de\/cms\/index.php?rest_route=\/wp\/v2\/types\/page"}],"author":[{"embeddable":true,"href":"https:\/\/www.gwg-asperg.de\/cms\/index.php?rest_route=\/wp\/v2\/users\/1"}],"replies":[{"embeddable":true,"href":"https:\/\/www.gwg-asperg.de\/cms\/index.php?rest_route=%2Fwp%2Fv2%2Fcomments&post=2"}],"version-history":[{"count":5,"href":"https:\/\/www.gwg-asperg.de\/cms\/index.php?rest_route=\/wp\/v2\/pages\/2\/revisions"}],"predecessor-version":[{"id":150,"href":"https:\/\/www.gwg-asperg.de\/cms\/index.php?rest_route=\/wp\/v2\/pages\/2\/revisions\/150"}],"wp:attachment":[{"href":"https:\/\/www.gwg-asperg.de\/cms\/index.php?rest_route=%2Fwp%2Fv2%2Fmedia&parent=2"}],"curies":[{"name":"wp","href":"https:\/\/api.w.org\/{rel}","templated":true}]}}